{"id":556,"date":"2021-04-12T14:43:21","date_gmt":"2021-04-12T06:43:21","guid":{"rendered":"http:\/\/themetest3.local\/?page_id=7"},"modified":"2026-04-01T15:59:04","modified_gmt":"2026-04-01T07:59:04","slug":"about-us","status":"publish","type":"page","link":"https:\/\/xuyeeggtraymachine.com\/es_es\/about-us.html","title":{"rendered":"Qui\u00e9nes somos"},"content":{"rendered":"<section class=\"wp-block-themepark-block-themepark-area block_layout thempark-block undefined\" id=\"\" style=\"\" data-swiper-parallax=\"-700\"><div class=\"block_layout_in\" style=\"\">\n<div class=\"wp-block-column block_layout_in is-layout-flow wp-block-column-is-layout-flow\">\n<section class=\"wp-block-themepark-block-themepark-imgtext thempark-block themepark_imgtext updonwmodle undefined\" style=\"padding-bottom:112px;padding-top:142px;\"><div class=\"themepark_imgtext_img\" style=\"\" data-swiper-parallax=\"-1800\"><\/div><div class=\"themepark_imgtext_text\" style=\"\" data-swiper-parallax=\"-1600\">\n<div class=\"wp-block-column is-layout-flow wp-block-column-is-layout-flow\">\n<h2 class=\"wp-block-heading has-text-align-center has-white-color has-text-color\" style=\"font-size:37px\">Fabricante de bandejas de huevos de alta eficiencia<\/h2>\n\n\n\n<p class=\"has-text-align-center has-white-color has-text-color\"><\/p>\n\n\n\n<div class=\"wp-block-themepark-block-themepark-wright content-super-p\" style=\"font-size:16px;line-height:32px;color:#ffffff;padding:10px 10px;\">\n<div class=\"wp-block-column is-layout-flow wp-block-column-is-layout-flow\">\n<p class=\"has-text-align-center\">Convierta el papel usado en beneficios con una automatizaci\u00f3n fiable<\/p>\n\n\n\n<p class=\"has-text-align-center\"><\/p>\n<\/div>\n<\/div>\n\n\n\n<p><\/p>\n<\/div>\n<\/div><div class=\"themepark_imgtext_ba\" style=\"opacity:1;\"><\/div><\/section>\n<\/div>\n<\/div><div class=\"layout_badh\"><div class=\"PcOnly themepark-block_layout_ba lazyload swiper-lazy\" style=\"background-attachment:fixed;background-position:center;\" data-background=\"http:\/\/xuyeeggtraymachine.com\/wp-content\/uploads\/2026\/03\/egg-tray-making-machine.webp\"><\/div><div class=\"MovePnly themepark-block_layout_ba lazyload swiper-move-lazy\" style=\"background-attachment:fixed;background-position:center;\" data-background=\"http:\/\/xuyeeggtraymachine.com\/wp-content\/uploads\/2026\/03\/egg-tray-making-machine.webp\"><\/div><\/div><\/section>\n\n\n\n<section class=\"wp-block-themepark-block-themepark-area block_layout thempark-block undefined\" id=\"\" style=\"background-color:#ffffff;padding-top:13px;\" data-swiper-parallax=\"-700\"><div class=\"block_layout_in\" style=\"\">\n<div class=\"wp-block-column block_layout_in is-layout-flow wp-block-column-is-layout-flow\">\n<div class=\"wp-block-themepark-block-themepark-tab thempark-block thempark_tab_box  undefined\" style=\"margin-bottom:20px;\" bloop=\"no\" auto=\"no\" mouse=\"click\"><div class=\"content_tab_title\" style=\"text-align:center;\"><div class=\"fidxtab\" style=\"\"><div class=\"btn active\" style=\"\"><span class=\"tabtt\" style=\"\"><i class=\"fas fa fa-\" style=\"\"><\/i>Qui\u00e9nes somos<\/span><\/div><\/div><\/div><div class=\"swiper-container content_tab_swiper\" style=\"\"><div class=\"swiper-wrapper\">\n<div class=\"wp-block-column ecdorbox0 swiper-slide tap_s-box active is-layout-flow wp-block-column-is-layout-flow\">\n<section class=\"wp-block-themepark-block-themepark-imgtext thempark-block themepark_imgtext moveupd  undefined\" style=\"padding-top:65px;\"><div class=\"themepark_imgtext_img\" style=\"width:41%;\" data-swiper-parallax=\"-1800\"><img class=\"lazyload  swiper-lazy swiper-move-lazy\" style=\"\" data-src=\"http:\/\/xuyeeggtraymachine.com\/wp-content\/uploads\/2026\/03\/egg-tray-machine-factory-01.webp\" alt=\"egg tray machine factory\"\/><\/div><div class=\"themepark_imgtext_text\" style=\"width:56%;\" data-swiper-parallax=\"-1600\">\n<div class=\"wp-block-column is-layout-flow wp-block-column-is-layout-flow\">\n<div class=\"wp-block-themepark-block-themepark-wright content-super-p\" style=\"font-size:16px;line-height:30px;padding:0px 10px;\">\n<div class=\"wp-block-column is-layout-flow wp-block-column-is-layout-flow\">\n<p><\/p>\n\n\n\n<p><\/p>\n\n\n\n<h2 class=\"wp-block-heading has-text-align-center\" style=\"font-size:30px\"><strong>SOBRE NOSOTROS<\/strong><\/h2>\n\n\n\n<p class=\"has-text-align-left\">XUYE es un fabricante profesional especializado en la investigaci\u00f3n, desarrollo y producci\u00f3n de m\u00e1quinas de fabricaci\u00f3n de bandejas de huevos y equipos de moldeo de pasta de papel. Con a\u00f1os de experiencia en la industria, XUYE proporciona soluciones completas para el moldeo de pulpa de papel, incluyendo sistemas de pulpeado, m\u00e1quinas de formaci\u00f3n, sistemas de secado y equipos de embalaje. sistemas de secado y equipos de embalaje.<\/p>\n\n\n\n<p>Nuestras m\u00e1quinas para bandejas de huevos est\u00e1n dise\u00f1adas para ofrecer una alta eficiencia, ahorro de energ\u00eda y un rendimiento estable, y se utilizan ampliamente para producir bandejas de huevos, cartones de huevos, bandejas de frutas y productos de embalaje industrial. Nuestras m\u00e1quinas de bandejas de huevos est\u00e1n dise\u00f1adas para una alta eficiencia, ahorro de energ\u00eda y un rendimiento estable, ampliamente utilizado para la producci\u00f3n de bandejas de huevos, cartones de huevos, bandejas de frutas, y productos de embalaje industrial. Ofrecemos varios modelos con diferentes capacidades para satisfacer las necesidades de peque\u00f1os talleres y l\u00edneas de producci\u00f3n a gran escala.<\/p>\n\n\n\n<p class=\"has-text-align-left\">XUYE se centra en el control de calidad y la innovaci\u00f3n tecnol\u00f3gica. Todas las m\u00e1quinas se fabrican con materiales duraderos y sistemas de control avanzados para garantizar una larga vida \u00fatil y un funcionamiento sencillo. Adem\u00e1s, ofrecemos soluciones personalizadas, orientaci\u00f3n para la instalaci\u00f3n y un servicio postventa fiable a nuestros clientes. Adem\u00e1s, ofrecemos soluciones personalizadas, orientaci\u00f3n para la instalaci\u00f3n y un servicio posventa fiable para ayudar a los clientes de todo el mundo.<\/p>\n<\/div>\n<\/div>\n\n\n\n<section class=\"wp-block-themepark-block-themepark-icon thempark-block themepark_icon_list_out undefined\" id=\"nomo3\" style=\"padding-bottom:20px;\"><div class=\"themepark_icon_list_in\" style=\"\"><div class=\"themepark_icon_lists iconl2 iconls2\" style=\"\"><\/div><\/div><\/section>\n<\/div>\n<\/div><div class=\"themepark_imgtext_ba\" style=\"opacity:1;\"><\/div><\/section>\n<\/div>\n<\/div><\/div><div class=\"tabbottomb\"><\/div><\/div>\n<\/div>\n<\/div><div class=\"layout_badh\"><\/div><\/section>","protected":false},"excerpt":{"rendered":"","protected":false},"author":1,"featured_media":0,"parent":0,"menu_order":0,"comment_status":"open","ping_status":"closed","template":"","meta":{"themepark_post_bcolor":"#f5f5f5","themepark_post_width":"100% dong","themepark_post_img":"","themepark_post_img_po":"left","themepark_post_img_re":false,"themepark_post_img_cover":false,"themepark_post_img_fixed":false,"themepark_post_hide_title":true,"themepark_post_main_b":"","themepark_post_main_p":100,"themepark_paddingblock":true,"footnotes":""},"class_list":["post-556","page","type-page","status-publish","hentry"],"_links":{"self":[{"href":"https:\/\/xuyeeggtraymachine.com\/es_es\/wp-json\/wp\/v2\/pages\/556","targetHints":{"allow":["GET"]}}],"collection":[{"href":"https:\/\/xuyeeggtraymachine.com\/es_es\/wp-json\/wp\/v2\/pages"}],"about":[{"href":"https:\/\/xuyeeggtraymachine.com\/es_es\/wp-json\/wp\/v2\/types\/page"}],"author":[{"embeddable":true,"href":"https:\/\/xuyeeggtraymachine.com\/es_es\/wp-json\/wp\/v2\/users\/1"}],"replies":[{"embeddable":true,"href":"https:\/\/xuyeeggtraymachine.com\/es_es\/wp-json\/wp\/v2\/comments?post=556"}],"version-history":[{"count":12,"href":"https:\/\/xuyeeggtraymachine.com\/es_es\/wp-json\/wp\/v2\/pages\/556\/revisions"}],"predecessor-version":[{"id":1051,"href":"https:\/\/xuyeeggtraymachine.com\/es_es\/wp-json\/wp\/v2\/pages\/556\/revisions\/1051"}],"wp:attachment":[{"href":"https:\/\/xuyeeggtraymachine.com\/es_es\/wp-json\/wp\/v2\/media?parent=556"}],"curies":[{"name":"wp","href":"https:\/\/api.w.org\/{rel}","templated":true}]}}