{"id":556,"date":"2021-04-12T14:43:21","date_gmt":"2021-04-12T06:43:21","guid":{"rendered":"http:\/\/themetest3.local\/?page_id=7"},"modified":"2026-04-01T15:59:04","modified_gmt":"2026-04-01T07:59:04","slug":"about-us","status":"publish","type":"page","link":"https:\/\/xuyeeggtraymachine.com\/fr_fr\/about-us.html","title":{"rendered":"A propos de nous"},"content":{"rendered":"<section class=\"wp-block-themepark-block-themepark-area block_layout thempark-block undefined\" id=\"\" style=\"\" data-swiper-parallax=\"-700\"><div class=\"block_layout_in\" style=\"\">\n<div class=\"wp-block-column block_layout_in is-layout-flow wp-block-column-is-layout-flow\">\n<section class=\"wp-block-themepark-block-themepark-imgtext thempark-block themepark_imgtext updonwmodle undefined\" style=\"padding-bottom:112px;padding-top:142px;\"><div class=\"themepark_imgtext_img\" style=\"\" data-swiper-parallax=\"-1800\"><\/div><div class=\"themepark_imgtext_text\" style=\"\" data-swiper-parallax=\"-1600\">\n<div class=\"wp-block-column is-layout-flow wp-block-column-is-layout-flow\">\n<h2 class=\"wp-block-heading has-text-align-center has-white-color has-text-color\" style=\"font-size:37px\">Fabricant de machines \u00e0 plateaux d'\u0153ufs \u00e0 haut rendement<\/h2>\n\n\n\n<p class=\"has-text-align-center has-white-color has-text-color\"><\/p>\n\n\n\n<div class=\"wp-block-themepark-block-themepark-wright content-super-p\" style=\"font-size:16px;line-height:32px;color:#ffffff;padding:10px 10px;\">\n<div class=\"wp-block-column is-layout-flow wp-block-column-is-layout-flow\">\n<p class=\"has-text-align-center\">Transformer les d\u00e9chets de papier en profit gr\u00e2ce \u00e0 une automatisation fiable<\/p>\n\n\n\n<p class=\"has-text-align-center\"><\/p>\n<\/div>\n<\/div>\n\n\n\n<p><\/p>\n<\/div>\n<\/div><div class=\"themepark_imgtext_ba\" style=\"opacity:1;\"><\/div><\/section>\n<\/div>\n<\/div><div class=\"layout_badh\"><div class=\"PcOnly themepark-block_layout_ba lazyload swiper-lazy\" style=\"background-attachment:fixed;background-position:center;\" data-background=\"http:\/\/xuyeeggtraymachine.com\/wp-content\/uploads\/2026\/03\/egg-tray-making-machine.webp\"><\/div><div class=\"MovePnly themepark-block_layout_ba lazyload swiper-move-lazy\" style=\"background-attachment:fixed;background-position:center;\" data-background=\"http:\/\/xuyeeggtraymachine.com\/wp-content\/uploads\/2026\/03\/egg-tray-making-machine.webp\"><\/div><\/div><\/section>\n\n\n\n<section class=\"wp-block-themepark-block-themepark-area block_layout thempark-block undefined\" id=\"\" style=\"background-color:#ffffff;padding-top:13px;\" data-swiper-parallax=\"-700\"><div class=\"block_layout_in\" style=\"\">\n<div class=\"wp-block-column block_layout_in is-layout-flow wp-block-column-is-layout-flow\">\n<div class=\"wp-block-themepark-block-themepark-tab thempark-block thempark_tab_box  undefined\" style=\"margin-bottom:20px;\" bloop=\"no\" auto=\"no\" mouse=\"click\"><div class=\"content_tab_title\" style=\"text-align:center;\"><div class=\"fidxtab\" style=\"\"><div class=\"btn active\" style=\"\"><span class=\"tabtt\" style=\"\"><i class=\"fas fa fa-\" style=\"\"><\/i>A propos de nous<\/span><\/div><\/div><\/div><div class=\"swiper-container content_tab_swiper\" style=\"\"><div class=\"swiper-wrapper\">\n<div class=\"wp-block-column ecdorbox0 swiper-slide tap_s-box active is-layout-flow wp-block-column-is-layout-flow\">\n<section class=\"wp-block-themepark-block-themepark-imgtext thempark-block themepark_imgtext moveupd  undefined\" style=\"padding-top:65px;\"><div class=\"themepark_imgtext_img\" style=\"width:41%;\" data-swiper-parallax=\"-1800\"><img class=\"lazyload  swiper-lazy swiper-move-lazy\" style=\"\" data-src=\"http:\/\/xuyeeggtraymachine.com\/wp-content\/uploads\/2026\/03\/egg-tray-machine-factory-01.webp\" alt=\"egg tray machine factory\"\/><\/div><div class=\"themepark_imgtext_text\" style=\"width:56%;\" data-swiper-parallax=\"-1600\">\n<div class=\"wp-block-column is-layout-flow wp-block-column-is-layout-flow\">\n<div class=\"wp-block-themepark-block-themepark-wright content-super-p\" style=\"font-size:16px;line-height:30px;padding:0px 10px;\">\n<div class=\"wp-block-column is-layout-flow wp-block-column-is-layout-flow\">\n<p><\/p>\n\n\n\n<p><\/p>\n\n\n\n<h2 class=\"wp-block-heading has-text-align-center\" style=\"font-size:30px\"><strong>\u00c0 PROPOS DE NOUS<\/strong><\/h2>\n\n\n\n<p class=\"has-text-align-left\">XUYE est un fabricant professionnel sp\u00e9cialis\u00e9 dans la recherche, le d\u00e9veloppement et la production de machines de fabrication de plateaux d'\u0153ufs et d'\u00e9quipements de moulage de p\u00e2te \u00e0 papier. Avec des ann\u00e9es d'exp\u00e9rience dans l'industrie, XUYE fournit des solutions compl\u00e8tes pour le moulage de la p\u00e2te \u00e0 papier, y compris des syst\u00e8mes de d\u00e9pulpage, des machines de formage, des syst\u00e8mes de s\u00e9chage et des \u00e9quipements d'emballage. de s\u00e9chage et l'\u00e9quipement d'emballage.<\/p>\n\n\n\n<p>Nos machines \u00e0 plateaux d'\u0153ufs sont con\u00e7ues pour offrir un rendement \u00e9lev\u00e9, des \u00e9conomies d'\u00e9nergie et des performances stables. Elles sont largement utilis\u00e9es pour la production de plateaux d'\u0153ufs, de bo\u00eetes \u00e0 \u0153ufs, de plateaux \u00e0 fruits et de produits d'emballage industriels. Nos machines \u00e0 plateaux d'\u0153ufs sont con\u00e7ues pour offrir un rendement \u00e9lev\u00e9, des \u00e9conomies d'\u00e9nergie et des performances stables. Elles sont largement utilis\u00e9es pour la production de plateaux d'\u0153ufs, de bo\u00eetes \u00e0 \u0153ufs, de plateaux de fruits et de produits d'emballage industriels. Nous proposons diff\u00e9rents mod\u00e8les avec diff\u00e9rentes capacit\u00e9s pour r\u00e9pondre aux besoins des petits ateliers et des lignes de production \u00e0 grande \u00e9chelle.<\/p>\n\n\n\n<p class=\"has-text-align-left\">XUYE met l'accent sur le contr\u00f4le de la qualit\u00e9 et l'innovation technologique. Toutes les machines sont fabriqu\u00e9es avec des mat\u00e9riaux durables et des syst\u00e8mes de contr\u00f4le avanc\u00e9s pour garantir une longue dur\u00e9e de vie et une utilisation facile. En outre, nous fournissons des solutions personnalis\u00e9es, des conseils en mati\u00e8re d'installation et un service apr\u00e8s-vente fiable \u00e0 nos clients. En outre, nous fournissons des solutions personnalis\u00e9es, des conseils d'installation et un service apr\u00e8s-vente fiable \u00e0 nos clients du monde entier.<\/p>\n<\/div>\n<\/div>\n\n\n\n<section class=\"wp-block-themepark-block-themepark-icon thempark-block themepark_icon_list_out undefined\" id=\"nomo3\" style=\"padding-bottom:20px;\"><div class=\"themepark_icon_list_in\" style=\"\"><div class=\"themepark_icon_lists iconl2 iconls2\" style=\"\"><\/div><\/div><\/section>\n<\/div>\n<\/div><div class=\"themepark_imgtext_ba\" style=\"opacity:1;\"><\/div><\/section>\n<\/div>\n<\/div><\/div><div class=\"tabbottomb\"><\/div><\/div>\n<\/div>\n<\/div><div class=\"layout_badh\"><\/div><\/section>","protected":false},"excerpt":{"rendered":"","protected":false},"author":1,"featured_media":0,"parent":0,"menu_order":0,"comment_status":"open","ping_status":"closed","template":"","meta":{"themepark_post_bcolor":"#f5f5f5","themepark_post_width":"100% dong","themepark_post_img":"","themepark_post_img_po":"left","themepark_post_img_re":false,"themepark_post_img_cover":false,"themepark_post_img_fixed":false,"themepark_post_hide_title":true,"themepark_post_main_b":"","themepark_post_main_p":100,"themepark_paddingblock":true,"footnotes":""},"class_list":["post-556","page","type-page","status-publish","hentry"],"_links":{"self":[{"href":"https:\/\/xuyeeggtraymachine.com\/fr_fr\/wp-json\/wp\/v2\/pages\/556","targetHints":{"allow":["GET"]}}],"collection":[{"href":"https:\/\/xuyeeggtraymachine.com\/fr_fr\/wp-json\/wp\/v2\/pages"}],"about":[{"href":"https:\/\/xuyeeggtraymachine.com\/fr_fr\/wp-json\/wp\/v2\/types\/page"}],"author":[{"embeddable":true,"href":"https:\/\/xuyeeggtraymachine.com\/fr_fr\/wp-json\/wp\/v2\/users\/1"}],"replies":[{"embeddable":true,"href":"https:\/\/xuyeeggtraymachine.com\/fr_fr\/wp-json\/wp\/v2\/comments?post=556"}],"version-history":[{"count":12,"href":"https:\/\/xuyeeggtraymachine.com\/fr_fr\/wp-json\/wp\/v2\/pages\/556\/revisions"}],"predecessor-version":[{"id":1051,"href":"https:\/\/xuyeeggtraymachine.com\/fr_fr\/wp-json\/wp\/v2\/pages\/556\/revisions\/1051"}],"wp:attachment":[{"href":"https:\/\/xuyeeggtraymachine.com\/fr_fr\/wp-json\/wp\/v2\/media?parent=556"}],"curies":[{"name":"wp","href":"https:\/\/api.w.org\/{rel}","templated":true}]}}