{"id":556,"date":"2021-04-12T14:43:21","date_gmt":"2021-04-12T06:43:21","guid":{"rendered":"http:\/\/themetest3.local\/?page_id=7"},"modified":"2026-04-01T15:59:04","modified_gmt":"2026-04-01T07:59:04","slug":"about-us","status":"publish","type":"page","link":"https:\/\/xuyeeggtraymachine.com\/pt_br\/about-us.html","title":{"rendered":"Sobre n\u00f3s"},"content":{"rendered":"<section class=\"wp-block-themepark-block-themepark-area block_layout thempark-block undefined\" id=\"\" style=\"\" data-swiper-parallax=\"-700\"><div class=\"block_layout_in\" style=\"\">\n<div class=\"wp-block-column block_layout_in is-layout-flow wp-block-column-is-layout-flow\">\n<section class=\"wp-block-themepark-block-themepark-imgtext thempark-block themepark_imgtext updonwmodle undefined\" style=\"padding-bottom:112px;padding-top:142px;\"><div class=\"themepark_imgtext_img\" style=\"\" data-swiper-parallax=\"-1800\"><\/div><div class=\"themepark_imgtext_text\" style=\"\" data-swiper-parallax=\"-1600\">\n<div class=\"wp-block-column is-layout-flow wp-block-column-is-layout-flow\">\n<h2 class=\"wp-block-heading has-text-align-center has-white-color has-text-color\" style=\"font-size:37px\">Fabricante de m\u00e1quina de bandeja para ovos de alta efici\u00eancia<\/h2>\n\n\n\n<p class=\"has-text-align-center has-white-color has-text-color\"><\/p>\n\n\n\n<div class=\"wp-block-themepark-block-themepark-wright content-super-p\" style=\"font-size:16px;line-height:32px;color:#ffffff;padding:10px 10px;\">\n<div class=\"wp-block-column is-layout-flow wp-block-column-is-layout-flow\">\n<p class=\"has-text-align-center\">Transforme res\u00edduos de papel em lucro com automa\u00e7\u00e3o confi\u00e1vel<\/p>\n\n\n\n<p class=\"has-text-align-center\"><\/p>\n<\/div>\n<\/div>\n\n\n\n<p><\/p>\n<\/div>\n<\/div><div class=\"themepark_imgtext_ba\" style=\"opacity:1;\"><\/div><\/section>\n<\/div>\n<\/div><div class=\"layout_badh\"><div class=\"PcOnly themepark-block_layout_ba lazyload swiper-lazy\" style=\"background-attachment:fixed;background-position:center;\" data-background=\"http:\/\/xuyeeggtraymachine.com\/wp-content\/uploads\/2026\/03\/egg-tray-making-machine.webp\"><\/div><div class=\"MovePnly themepark-block_layout_ba lazyload swiper-move-lazy\" style=\"background-attachment:fixed;background-position:center;\" data-background=\"http:\/\/xuyeeggtraymachine.com\/wp-content\/uploads\/2026\/03\/egg-tray-making-machine.webp\"><\/div><\/div><\/section>\n\n\n\n<section class=\"wp-block-themepark-block-themepark-area block_layout thempark-block undefined\" id=\"\" style=\"background-color:#ffffff;padding-top:13px;\" data-swiper-parallax=\"-700\"><div class=\"block_layout_in\" style=\"\">\n<div class=\"wp-block-column block_layout_in is-layout-flow wp-block-column-is-layout-flow\">\n<div class=\"wp-block-themepark-block-themepark-tab thempark-block thempark_tab_box  undefined\" style=\"margin-bottom:20px;\" bloop=\"no\" auto=\"no\" mouse=\"click\"><div class=\"content_tab_title\" style=\"text-align:center;\"><div class=\"fidxtab\" style=\"\"><div class=\"btn active\" style=\"\"><span class=\"tabtt\" style=\"\"><i class=\"fas fa fa-\" style=\"\"><\/i>Sobre n\u00f3s<\/span><\/div><\/div><\/div><div class=\"swiper-container content_tab_swiper\" style=\"\"><div class=\"swiper-wrapper\">\n<div class=\"wp-block-column ecdorbox0 swiper-slide tap_s-box active is-layout-flow wp-block-column-is-layout-flow\">\n<section class=\"wp-block-themepark-block-themepark-imgtext thempark-block themepark_imgtext moveupd  undefined\" style=\"padding-top:65px;\"><div class=\"themepark_imgtext_img\" style=\"width:41%;\" data-swiper-parallax=\"-1800\"><img class=\"lazyload  swiper-lazy swiper-move-lazy\" style=\"\" data-src=\"http:\/\/xuyeeggtraymachine.com\/wp-content\/uploads\/2026\/03\/egg-tray-machine-factory-01.webp\" alt=\"egg tray machine factory\"\/><\/div><div class=\"themepark_imgtext_text\" style=\"width:56%;\" data-swiper-parallax=\"-1600\">\n<div class=\"wp-block-column is-layout-flow wp-block-column-is-layout-flow\">\n<div class=\"wp-block-themepark-block-themepark-wright content-super-p\" style=\"font-size:16px;line-height:30px;padding:0px 10px;\">\n<div class=\"wp-block-column is-layout-flow wp-block-column-is-layout-flow\">\n<p><\/p>\n\n\n\n<p><\/p>\n\n\n\n<h2 class=\"wp-block-heading has-text-align-center\" style=\"font-size:30px\"><strong>SOBRE N\u00d3S<\/strong><\/h2>\n\n\n\n<p class=\"has-text-align-left\">A XUYE \u00e9 uma fabricante profissional especializada em pesquisa, desenvolvimento e produ\u00e7\u00e3o de m\u00e1quinas para fabrica\u00e7\u00e3o de bandejas de ovos e equipamentos de moldagem de polpa. Com anos de experi\u00eancia no setor, a XUYE oferece solu\u00e7\u00f5es completas para moldagem de polpa de papel, incluindo sistemas de polpa\u00e7\u00e3o, m\u00e1quinas de forma\u00e7\u00e3o, sistemas de secagem e equipamentos de embalagem. sistemas de secagem e equipamentos de embalagem.<\/p>\n\n\n\n<p>Nossas m\u00e1quinas de bandejas para ovos s\u00e3o projetadas para alta efici\u00eancia, economia de energia e desempenho est\u00e1vel, amplamente utilizadas para a produ\u00e7\u00e3o de bandejas para ovos, caixas para ovos, bandejas para frutas e produtos de embalagem industrial. Nossas m\u00e1quinas para bandejas de ovos s\u00e3o projetadas para alta efici\u00eancia, economia de energia e desempenho est\u00e1vel, sendo amplamente utilizadas para a produ\u00e7\u00e3o de bandejas de ovos, caixas de ovos, bandejas de frutas e produtos de embalagem industrial. Oferecemos v\u00e1rios modelos com diferentes capacidades para atender \u00e0s necessidades de pequenas oficinas e linhas de produ\u00e7\u00e3o em grande escala.<\/p>\n\n\n\n<p class=\"has-text-align-left\">A XUYE se concentra no controle de qualidade e na inova\u00e7\u00e3o tecnol\u00f3gica. Todas as m\u00e1quinas s\u00e3o fabricadas com materiais dur\u00e1veis e sistemas de controle avan\u00e7ados para garantir longa vida \u00fatil e f\u00e1cil opera\u00e7\u00e3o. Al\u00e9m disso, fornecemos solu\u00e7\u00f5es personalizadas, orienta\u00e7\u00e3o de instala\u00e7\u00e3o e servi\u00e7o p\u00f3s-venda confi\u00e1vel para os clientes. Al\u00e9m disso, fornecemos solu\u00e7\u00f5es personalizadas, orienta\u00e7\u00e3o de instala\u00e7\u00e3o e servi\u00e7o p\u00f3s-venda confi\u00e1vel para dar suporte a clientes em todo o mundo.<\/p>\n<\/div>\n<\/div>\n\n\n\n<section class=\"wp-block-themepark-block-themepark-icon thempark-block themepark_icon_list_out undefined\" id=\"nomo3\" style=\"padding-bottom:20px;\"><div class=\"themepark_icon_list_in\" style=\"\"><div class=\"themepark_icon_lists iconl2 iconls2\" style=\"\"><\/div><\/div><\/section>\n<\/div>\n<\/div><div class=\"themepark_imgtext_ba\" style=\"opacity:1;\"><\/div><\/section>\n<\/div>\n<\/div><\/div><div class=\"tabbottomb\"><\/div><\/div>\n<\/div>\n<\/div><div class=\"layout_badh\"><\/div><\/section>","protected":false},"excerpt":{"rendered":"","protected":false},"author":1,"featured_media":0,"parent":0,"menu_order":0,"comment_status":"open","ping_status":"closed","template":"","meta":{"themepark_post_bcolor":"#f5f5f5","themepark_post_width":"100% dong","themepark_post_img":"","themepark_post_img_po":"left","themepark_post_img_re":false,"themepark_post_img_cover":false,"themepark_post_img_fixed":false,"themepark_post_hide_title":true,"themepark_post_main_b":"","themepark_post_main_p":100,"themepark_paddingblock":true,"footnotes":""},"class_list":["post-556","page","type-page","status-publish","hentry"],"_links":{"self":[{"href":"https:\/\/xuyeeggtraymachine.com\/pt_br\/wp-json\/wp\/v2\/pages\/556","targetHints":{"allow":["GET"]}}],"collection":[{"href":"https:\/\/xuyeeggtraymachine.com\/pt_br\/wp-json\/wp\/v2\/pages"}],"about":[{"href":"https:\/\/xuyeeggtraymachine.com\/pt_br\/wp-json\/wp\/v2\/types\/page"}],"author":[{"embeddable":true,"href":"https:\/\/xuyeeggtraymachine.com\/pt_br\/wp-json\/wp\/v2\/users\/1"}],"replies":[{"embeddable":true,"href":"https:\/\/xuyeeggtraymachine.com\/pt_br\/wp-json\/wp\/v2\/comments?post=556"}],"version-history":[{"count":12,"href":"https:\/\/xuyeeggtraymachine.com\/pt_br\/wp-json\/wp\/v2\/pages\/556\/revisions"}],"predecessor-version":[{"id":1051,"href":"https:\/\/xuyeeggtraymachine.com\/pt_br\/wp-json\/wp\/v2\/pages\/556\/revisions\/1051"}],"wp:attachment":[{"href":"https:\/\/xuyeeggtraymachine.com\/pt_br\/wp-json\/wp\/v2\/media?parent=556"}],"curies":[{"name":"wp","href":"https:\/\/api.w.org\/{rel}","templated":true}]}}