{"id":556,"date":"2021-04-12T14:43:21","date_gmt":"2021-04-12T06:43:21","guid":{"rendered":"http:\/\/themetest3.local\/?page_id=7"},"modified":"2026-04-01T15:59:04","modified_gmt":"2026-04-01T07:59:04","slug":"about-us","status":"publish","type":"page","link":"https:\/\/xuyeeggtraymachine.com\/vi\/about-us.html","title":{"rendered":"Gi\u1edbi thi\u1ec7u v\u1ec1 ch\u00fang t\u00f4i"},"content":{"rendered":"<section class=\"wp-block-themepark-block-themepark-area block_layout thempark-block undefined\" id=\"\" style=\"\" data-swiper-parallax=\"-700\"><div class=\"block_layout_in\" style=\"\">\n<div class=\"wp-block-column block_layout_in is-layout-flow wp-block-column-is-layout-flow\">\n<section class=\"wp-block-themepark-block-themepark-imgtext thempark-block themepark_imgtext updonwmodle undefined\" style=\"padding-bottom:112px;padding-top:142px;\"><div class=\"themepark_imgtext_img\" style=\"\" data-swiper-parallax=\"-1800\"><\/div><div class=\"themepark_imgtext_text\" style=\"\" data-swiper-parallax=\"-1600\">\n<div class=\"wp-block-column is-layout-flow wp-block-column-is-layout-flow\">\n<h2 class=\"wp-block-heading has-text-align-center has-white-color has-text-color\" style=\"font-size:37px\">Nh\u00e0 s\u1ea3n xu\u1ea5t m\u00e1y l\u00e0m khay \u0111\u1ef1ng tr\u1ee9ng hi\u1ec7u su\u1ea5t cao<\/h2>\n\n\n\n<p class=\"has-text-align-center has-white-color has-text-color\"><\/p>\n\n\n\n<div class=\"wp-block-themepark-block-themepark-wright content-super-p\" style=\"font-size:16px;line-height:32px;color:#ffffff;padding:10px 10px;\">\n<div class=\"wp-block-column is-layout-flow wp-block-column-is-layout-flow\">\n<p class=\"has-text-align-center\">Bi\u1ebfn gi\u1ea5y th\u1ea3i th\u00e0nh l\u1ee3i nhu\u1eadn nh\u1edd h\u1ec7 th\u1ed1ng t\u1ef1 \u0111\u1ed9ng h\u00f3a \u0111\u00e1ng tin c\u1eady<\/p>\n\n\n\n<p class=\"has-text-align-center\"><\/p>\n<\/div>\n<\/div>\n\n\n\n<p><\/p>\n<\/div>\n<\/div><div class=\"themepark_imgtext_ba\" style=\"opacity:1;\"><\/div><\/section>\n<\/div>\n<\/div><div class=\"layout_badh\"><div class=\"PcOnly themepark-block_layout_ba lazyload swiper-lazy\" style=\"background-attachment:fixed;background-position:center;\" data-background=\"http:\/\/xuyeeggtraymachine.com\/wp-content\/uploads\/2026\/03\/egg-tray-making-machine.webp\"><\/div><div class=\"MovePnly themepark-block_layout_ba lazyload swiper-move-lazy\" style=\"background-attachment:fixed;background-position:center;\" data-background=\"http:\/\/xuyeeggtraymachine.com\/wp-content\/uploads\/2026\/03\/egg-tray-making-machine.webp\"><\/div><\/div><\/section>\n\n\n\n<section class=\"wp-block-themepark-block-themepark-area block_layout thempark-block undefined\" id=\"\" style=\"background-color:#ffffff;padding-top:13px;\" data-swiper-parallax=\"-700\"><div class=\"block_layout_in\" style=\"\">\n<div class=\"wp-block-column block_layout_in is-layout-flow wp-block-column-is-layout-flow\">\n<div class=\"wp-block-themepark-block-themepark-tab thempark-block thempark_tab_box  undefined\" style=\"margin-bottom:20px;\" bloop=\"no\" auto=\"no\" mouse=\"click\"><div class=\"content_tab_title\" style=\"text-align:center;\"><div class=\"fidxtab\" style=\"\"><div class=\"btn active\" style=\"\"><span class=\"tabtt\" style=\"\"><i class=\"fas fa fa-\" style=\"\"><\/i>Gi\u1edbi thi\u1ec7u v\u1ec1 ch\u00fang t\u00f4i<\/span><\/div><\/div><\/div><div class=\"swiper-container content_tab_swiper\" style=\"\"><div class=\"swiper-wrapper\">\n<div class=\"wp-block-column ecdorbox0 swiper-slide tap_s-box active is-layout-flow wp-block-column-is-layout-flow\">\n<section class=\"wp-block-themepark-block-themepark-imgtext thempark-block themepark_imgtext moveupd  undefined\" style=\"padding-top:65px;\"><div class=\"themepark_imgtext_img\" style=\"width:41%;\" data-swiper-parallax=\"-1800\"><img class=\"lazyload  swiper-lazy swiper-move-lazy\" style=\"\" data-src=\"http:\/\/xuyeeggtraymachine.com\/wp-content\/uploads\/2026\/03\/egg-tray-machine-factory-01.webp\" alt=\"egg tray machine factory\"\/><\/div><div class=\"themepark_imgtext_text\" style=\"width:56%;\" data-swiper-parallax=\"-1600\">\n<div class=\"wp-block-column is-layout-flow wp-block-column-is-layout-flow\">\n<div class=\"wp-block-themepark-block-themepark-wright content-super-p\" style=\"font-size:16px;line-height:30px;padding:0px 10px;\">\n<div class=\"wp-block-column is-layout-flow wp-block-column-is-layout-flow\">\n<p><\/p>\n\n\n\n<p><\/p>\n\n\n\n<h2 class=\"wp-block-heading has-text-align-center\" style=\"font-size:30px\"><strong>GI\u1edaI THI\u1ec6U<\/strong><\/h2>\n\n\n\n<p class=\"has-text-align-left\">XUYE l\u00e0 nh\u00e0 s\u1ea3n xu\u1ea5t chuy\u00ean nghi\u1ec7p chuy\u00ean nghi\u00ean c\u1ee9u, ph\u00e1t tri\u1ec3n v\u00e0 s\u1ea3n xu\u1ea5t m\u00e1y l\u00e0m khay \u0111\u1ef1ng tr\u1ee9ng v\u00e0 thi\u1ebft b\u1ecb \u0111\u00fac b\u1ed9t gi\u1ea5y. V\u1edbi nhi\u1ec1u n\u0103m kinh nghi\u1ec7m trong ng\u00e0nh, XUYE cung c\u1ea5p c\u00e1c gi\u1ea3i ph\u00e1p to\u00e0n di\u1ec7n cho quy tr\u00ecnh \u0111\u00fac b\u1ed9t gi\u1ea5y, bao g\u1ed3m h\u1ec7 th\u1ed1ng nghi\u1ec1n b\u1ed9t gi\u1ea5y, m\u00e1y t\u1ea1o h\u00ecnh, h\u1ec7 th\u1ed1ng s\u1ea5y kh\u00f4 v\u00e0 thi\u1ebft b\u1ecb \u0111\u00f3ng g\u00f3i.<\/p>\n\n\n\n<p>C\u00e1c m\u00e1y s\u1ea3n xu\u1ea5t khay \u0111\u1ef1ng tr\u1ee9ng c\u1ee7a ch\u00fang t\u00f4i \u0111\u01b0\u1ee3c thi\u1ebft k\u1ebf \u0111\u1ec3 mang l\u1ea1i hi\u1ec7u su\u1ea5t cao, ti\u1ebft ki\u1ec7m n\u0103ng l\u01b0\u1ee3ng v\u00e0 ho\u1ea1t \u0111\u1ed9ng \u1ed5n \u0111\u1ecbnh, \u0111\u01b0\u1ee3c s\u1eed d\u1ee5ng r\u1ed9ng r\u00e3i trong s\u1ea3n xu\u1ea5t khay \u0111\u1ef1ng tr\u1ee9ng, h\u1ed9p \u0111\u1ef1ng tr\u1ee9ng, khay \u0111\u1ef1ng tr\u00e1i c\u00e2y v\u00e0 c\u00e1c s\u1ea3n ph\u1ea9m bao b\u00ec c\u00f4ng nghi\u1ec7p. Ch\u00fang t\u00f4i cung c\u1ea5p nhi\u1ec1u m\u1eabu m\u00e1y v\u1edbi c\u00e1c c\u00f4ng su\u1ea5t kh\u00e1c nhau \u0111\u1ec3 \u0111\u00e1p \u1ee9ng nhu c\u1ea7u c\u1ee7a c\u00e1c x\u01b0\u1edfng s\u1ea3n xu\u1ea5t quy m\u00f4 nh\u1ecf c\u0169ng nh\u01b0 c\u00e1c d\u00e2y chuy\u1ec1n s\u1ea3n xu\u1ea5t quy m\u00f4 l\u1edbn.<\/p>\n\n\n\n<p class=\"has-text-align-left\">XUYE ch\u00fa tr\u1ecdng v\u00e0o ki\u1ec3m so\u00e1t ch\u1ea5t l\u01b0\u1ee3ng v\u00e0 \u0111\u1ed5i m\u1edbi c\u00f4ng ngh\u1ec7. T\u1ea5t c\u1ea3 c\u00e1c m\u00e1y m\u00f3c \u0111\u1ec1u \u0111\u01b0\u1ee3c s\u1ea3n xu\u1ea5t t\u1eeb v\u1eadt li\u1ec7u b\u1ec1n b\u1ec9 v\u00e0 trang b\u1ecb h\u1ec7 th\u1ed1ng \u0111i\u1ec1u khi\u1ec3n ti\u00ean ti\u1ebfn nh\u1eb1m \u0111\u1ea3m b\u1ea3o tu\u1ed5i th\u1ecd cao v\u00e0 d\u1ec5 v\u1eadn h\u00e0nh. B\u00ean c\u1ea1nh \u0111\u00f3, ch\u00fang t\u00f4i cung c\u1ea5p c\u00e1c gi\u1ea3i ph\u00e1p t\u00f9y ch\u1ec9nh, h\u01b0\u1edbng d\u1eabn l\u1eafp \u0111\u1eb7t v\u00e0 d\u1ecbch v\u1ee5 h\u1eadu m\u00e3i \u0111\u00e1ng tin c\u1eady \u0111\u1ec3 h\u1ed7 tr\u1ee3 kh\u00e1ch h\u00e0ng tr\u00ean to\u00e0n th\u1ebf gi\u1edbi.<\/p>\n<\/div>\n<\/div>\n\n\n\n<section class=\"wp-block-themepark-block-themepark-icon thempark-block themepark_icon_list_out undefined\" id=\"nomo3\" style=\"padding-bottom:20px;\"><div class=\"themepark_icon_list_in\" style=\"\"><div class=\"themepark_icon_lists iconl2 iconls2\" style=\"\"><\/div><\/div><\/section>\n<\/div>\n<\/div><div class=\"themepark_imgtext_ba\" style=\"opacity:1;\"><\/div><\/section>\n<\/div>\n<\/div><\/div><div class=\"tabbottomb\"><\/div><\/div>\n<\/div>\n<\/div><div class=\"layout_badh\"><\/div><\/section>","protected":false},"excerpt":{"rendered":"","protected":false},"author":1,"featured_media":0,"parent":0,"menu_order":0,"comment_status":"open","ping_status":"closed","template":"","meta":{"themepark_post_bcolor":"#f5f5f5","themepark_post_width":"100% dong","themepark_post_img":"","themepark_post_img_po":"left","themepark_post_img_re":false,"themepark_post_img_cover":false,"themepark_post_img_fixed":false,"themepark_post_hide_title":true,"themepark_post_main_b":"","themepark_post_main_p":100,"themepark_paddingblock":true,"footnotes":""},"class_list":["post-556","page","type-page","status-publish","hentry"],"_links":{"self":[{"href":"https:\/\/xuyeeggtraymachine.com\/vi\/wp-json\/wp\/v2\/pages\/556","targetHints":{"allow":["GET"]}}],"collection":[{"href":"https:\/\/xuyeeggtraymachine.com\/vi\/wp-json\/wp\/v2\/pages"}],"about":[{"href":"https:\/\/xuyeeggtraymachine.com\/vi\/wp-json\/wp\/v2\/types\/page"}],"author":[{"embeddable":true,"href":"https:\/\/xuyeeggtraymachine.com\/vi\/wp-json\/wp\/v2\/users\/1"}],"replies":[{"embeddable":true,"href":"https:\/\/xuyeeggtraymachine.com\/vi\/wp-json\/wp\/v2\/comments?post=556"}],"version-history":[{"count":12,"href":"https:\/\/xuyeeggtraymachine.com\/vi\/wp-json\/wp\/v2\/pages\/556\/revisions"}],"predecessor-version":[{"id":1051,"href":"https:\/\/xuyeeggtraymachine.com\/vi\/wp-json\/wp\/v2\/pages\/556\/revisions\/1051"}],"wp:attachment":[{"href":"https:\/\/xuyeeggtraymachine.com\/vi\/wp-json\/wp\/v2\/media?parent=556"}],"curies":[{"name":"wp","href":"https:\/\/api.w.org\/{rel}","templated":true}]}}