{"id":557,"date":"2021-04-12T14:43:48","date_gmt":"2021-04-12T06:43:48","guid":{"rendered":"http:\/\/themetest3.local\/?page_id=11"},"modified":"2026-03-31T16:19:38","modified_gmt":"2026-03-31T08:19:38","slug":"contact-us","status":"publish","type":"page","link":"https:\/\/xuyeeggtraymachine.com\/vi\/contact-us.html","title":{"rendered":"Li\u00ean h\u1ec7 v\u1edbi ch\u00fang t\u00f4i"},"content":{"rendered":"<section class=\"wp-block-themepark-block-themepark-area block_layout thempark-block undefined\" id=\"\" style=\"\" data-swiper-parallax=\"-700\"><div class=\"block_layout_in\" style=\"\">\n<div class=\"wp-block-column block_layout_in is-layout-flow wp-block-column-is-layout-flow\">\n<section class=\"wp-block-themepark-block-themepark-imgtext thempark-block themepark_imgtext updonwmodle undefined\" style=\"padding-bottom:112px;padding-top:142px;\"><div class=\"themepark_imgtext_img\" style=\"\" data-swiper-parallax=\"-1800\"><\/div><div class=\"themepark_imgtext_text\" style=\"\" data-swiper-parallax=\"-1600\">\n<div class=\"wp-block-column is-layout-flow wp-block-column-is-layout-flow\">\n<h2 class=\"wp-block-heading has-text-align-center has-white-color has-text-color\" style=\"font-size:37px\">Li\u00ean h\u1ec7 v\u1edbi ch\u00fang t\u00f4i<\/h2>\n\n\n\n<p><\/p>\n<\/div>\n<\/div><div class=\"themepark_imgtext_ba\" style=\"opacity:1;\"><\/div><\/section>\n<\/div>\n<\/div><div class=\"layout_badh\"><div class=\"PcOnly themepark-block_layout_ba lazyload swiper-lazy\" style=\"background-attachment:fixed;background-position:center;\" data-background=\"http:\/\/xuyeeggtraymachine.com\/wp-content\/uploads\/2026\/03\/contact-us-001.webp\"><\/div><div class=\"MovePnly themepark-block_layout_ba lazyload swiper-move-lazy\" style=\"background-attachment:fixed;background-position:center;\" data-background=\"http:\/\/xuyeeggtraymachine.com\/wp-content\/uploads\/2026\/03\/contact-us-001.webp\"><\/div><\/div><\/section>\n\n\n\n<section class=\"wp-block-themepark-block-themepark-area block_layout thempark-block undefined\" id=\"\" style=\"padding-bottom:31px;padding-top:38px;\" data-swiper-parallax=\"-700\"><div class=\"block_layout_in\" style=\"\">\n<div class=\"wp-block-column block_layout_in is-layout-flow wp-block-column-is-layout-flow\">\n<section class=\"wp-block-themepark-block-themepark-icon thempark-block themepark_icon_list_out undefined\" id=\"nomo\" style=\"padding-bottom:20px;padding-top:20px;\"><div class=\"themepark_icon_list_in\" style=\"\"><div class=\"themepark_icon_lists iconl4 iconls2\" style=\"\"><a class=\"themepark_icon_box bhclas\" href=\"https:\/\/api.whatsapp.com\/send\/?phone=8613007608827\" style=\"\"><div class=\"themepark_icon_box_i\"><div class=\"themepark_icon_box_i_out\"><i class=\"fas fa-comment-dots\" style=\"color:#239be0;font-size:42px;\"><\/i><\/div><b style=\"font-size:20px;color:#000000;\">D\u1ecbch v\u1ee5 kh\u00e1ch h\u00e0ng tr\u1ef1c tuy\u1ebfn<\/b><\/div><div class=\"themepark_icon_box_d\" style=\"font-size:14px;height:49px;\"><span>Nh\u1ea5p v\u00e0o \u0111\u00e2y \u0111\u1ec3 li\u00ean h\u1ec7 v\u1edbi b\u1ed9 ph\u1eadn ch\u0103m s\u00f3c kh\u00e1ch h\u00e0ng tr\u1ef1c tuy\u1ebfn<\/span><\/div><div class=\"themepark_icon_box_bac\" style=\"background:#ffffff;opacity:0;\"><\/div><\/a><a class=\"themepark_icon_box bhclas\"><div class=\"themepark_icon_box_i\"><div class=\"themepark_icon_box_i_out\"><i class=\"fas fa-envelope\" style=\"color:#239be0;font-size:42px;\"><\/i><\/div><b style=\"font-size:20px;color:#000000;\">Email<\/b><\/div><div class=\"themepark_icon_box_d\" style=\"font-size:14px;height:49px;\"><span>info@xuyemachinery.com<\/span><\/div><div class=\"themepark_icon_box_bac\" style=\"background:#ffffff;opacity:0;\"><\/div><\/a><a class=\"themepark_icon_box bhclas\"><div class=\"themepark_icon_box_i\"><div class=\"themepark_icon_box_i_out\"><i class=\"fas fa-map-marked-alt\" style=\"color:#239be0;font-size:42px;\"><\/i><\/div><b style=\"font-size:20px;color:#000000;\">\u0110\u1ecba ch\u1ec9<\/b><\/div><div class=\"themepark_icon_box_d\" style=\"font-size:14px;height:49px;\"><span>S\u1ed1 51, \u0111\u01b0\u1eddng Qida, th\u1ecb tr\u1ea5n Dayugou, th\u00e0nh ph\u1ed1 Gongyi, th\u00e0nh ph\u1ed1 Tr\u1ecbnh Ch\u00e2u, t\u1ec9nh H\u00e0 Nam, Trung Qu\u1ed1c<\/span><\/div><div class=\"themepark_icon_box_bac\" style=\"background:#ffffff;opacity:0;\"><\/div><\/a><\/div><\/div><\/section>\n\n\n\n<p><\/p>\n<\/div>\n<\/div><div class=\"layout_badh\"><\/div><\/section>\n\n\n\n<section class=\"wp-block-themepark-block-themepark-area block_layout thempark-block undefined\" id=\"\" style=\"background-color:#ffffff;\" data-swiper-parallax=\"-700\"><div class=\"block_layout_in\" style=\"\">\n<div class=\"wp-block-column block_layout_in is-layout-flow wp-block-column-is-layout-flow\">\n<div class=\"wp-block-themepark-block-themepark-comment thempark-block themepark-comment undefined\" style=\"padding-bottom:20px;padding-top:20px;\"><div class=\"themepark-comment_in\" id=\"\"><div class=\"themepark-comment_inb2\"><div class=\"themepark-comment_inb\" style=\"\"><div class=\"themepark-comment_img\" style=\"width:58%\"><img decoding=\"async\" class=\"lazyload swiper-lazy  swiper-move-lazy\" src=\"http:\/\/xuyeeggtraymachine.com\/wp-content\/themes\/smartenterprise\/images\/loading-commet.png\" data-src=\"http:\/\/xuyeeggtraymachine.com\/wp-content\/uploads\/2026\/03\/egg-tray-machine-6.webp\" alt=\"Leave us a message and we will contact you as soon as possible.\"\/><\/div><div class=\"themepark-comment_form nolable\" style=\"width:37%\"><div class=\"fromtts\" style=\"\"><span class=\"fromtt\" style=\"font-size:18px;\">H\u00e3y \u0111\u1ec3 l\u1ea1i tin nh\u1eafn cho ch\u00fang t\u00f4i v\u00e0 ch\u00fang t\u00f4i s\u1ebd li\u00ean h\u1ec7 l\u1ea1i v\u1edbi b\u1ea1n s\u1edbm nh\u1ea5t c\u00f3 th\u1ec3.<\/span><\/div><form id=\"commentform-park\" class=\"themepark-c-f\" action=\"http:\/\/xuyeeggtraymachine.com\/vi\/wp-comments-post.php\/\" method=\"post\" autocomplete=\"off\" data-trp-original-action=\"http:\/\/xuyeeggtraymachine.com\/wp-comments-post.php\"><div class=\"themepark-comment_form_box tptext\" style=\"font-size:14px;\"><lable for=\"tpcommet0\" class=\"\"><input type=\"text\" id=\"tpcommet0\" name=\"tpcommet0\" size=\"28\" style=\"color:#616161;border: solid 1px #dfdfdf;background-color: #ffffff;\" placeholder=\"T\u00ean\"\/><\/lable><\/div><div class=\"themepark-comment_form_box tptext tel-c\" style=\"font-size:14px;\"><lable for=\"tpcommet1\" class=\"required\"><input type=\"text\" class=\"f-tel\" id=\"tpcommet1\" name=\"tpcommet1\" size=\"28\" required style=\"color:#616161;border: solid 1px #dfdfdf;background-color: #ffffff;\" placeholder=\"\u0110i\u1ec7n tho\u1ea1i\"\/><span class=\"required\">*<div class=\"required_tishi animated\"><i class=\"fas fa-exclamation-circle\"><\/i><span><\/span><\/div><\/span><\/lable><\/div><div class=\"themepark-comment_form_box tptext mail-c\" style=\"font-size:14px;\"><lable for=\"tpcommet2\" class=\"required\"><input type=\"text\" class=\"f-email\" id=\"tpcommet2\" name=\"tpcommet2\" size=\"28\" required style=\"color:#616161;border: solid 1px #dfdfdf;background-color: #ffffff;\" placeholder=\"Email\"\/><span class=\"required\">*<div class=\"required_tishi animated\"><i class=\"fas fa-exclamation-circle\"><\/i><span><\/span><\/div><\/span><\/lable><\/div><div class=\"themepark-comment_form_box tpTextarea\" style=\"font-size:14px;\"><lable for=\"tpcommet3\"><textarea id=\"tpcommet3\" name=\"tpcommet3\" style=\"color:#616161;border: solid 1px #dfdfdf;background-color: #ffffff;\" placeholder=\"Th\u00f4ng \u0111i\u1ec7p\"><\/textarea><\/lable><\/div><div class=\"hiddeninput\"><input name=\"comment_post_ID\" type=\"hidden\" value=\"11\"\/><input name=\"author\" type=\"hidden\" class=\"author\"\/><input name=\"email\" type=\"hidden\" class=\"email\"\/><textarea name=\"comment\" style=\"display:none\" class=\"comment\"><\/textarea><input name=\"themeparklable\" type=\"hidden\" value=\"Name|Tel|Email|Message\"\/><input name=\"themeparktype\" type=\"hidden\" value=\"text|text3|text2|Textarea\"\/><input name=\"redirect_to\" type=\"hidden\" value=\"http:\/\/xuyeeggtraymachine.com\"\/><input name=\"inquiryid\" type=\"hidden\"\/><input name=\"inquirytime\" type=\"hidden\"\/><input name=\"position\" type=\"hidden\"\/><\/div><div class=\"submut_box\"><input type=\"submit\" class=\"submut_btn\" name=\"submit\" style=\"background:#1797e7;\" value=\"G\u1eedi\"\/><div class=\"tishi\" style=\"color:#070707;\"><div class=\"loading\" style=\"color:#616161;\"><i class=\"fas fa-spinner\"><\/i>\u0110ang g\u1eedi\u2026<\/div><div class=\"success\" style=\"color:#616161;\"><i class=\"fas fa-check\"><\/i>\u0110\u00e3 g\u1eedi th\u00e0nh c\u00f4ng!<\/div><div class=\"erro\" style=\"color:#616161;\"><i class=\"fas fa-exclamation-circle\"><\/i>G\u1eedi kh\u00f4ng th\u00e0nh c\u00f4ng! Vui l\u00f2ng th\u1eed l\u1ea1i sau.<\/div><div class=\"e-email\">\u0110\u1ecba ch\u1ec9 email kh\u00f4ng ch\u00ednh x\u00e1c!<\/div><div class=\"e-tel\">S\u1ed1 \u0111i\u1ec7n tho\u1ea1i kh\u00f4ng ch\u00ednh x\u00e1c!<\/div><\/div><\/div><input type=\"hidden\" name=\"trp-form-language\" value=\"vi\"\/><\/form><\/div><div class=\"wp_clear\"><\/div><\/div><div class=\"themepark-comment_in_b\" style=\"opacity:0.83;background-color:#ffffff;transform:scaleX(1.089) scaleY(1.0129)\"><\/div><\/div><\/div><div class=\"wp_clear\"><\/div><\/div>\n<\/div>\n<\/div><div class=\"layout_badh\"><\/div><\/section>","protected":false},"excerpt":{"rendered":"","protected":false},"author":1,"featured_media":0,"parent":0,"menu_order":0,"comment_status":"open","ping_status":"closed","template":"","meta":{"themepark_post_bcolor":"#f5f5f5","themepark_post_width":"100%","themepark_post_img":"","themepark_post_img_po":"left","themepark_post_img_re":false,"themepark_post_img_cover":false,"themepark_post_img_fixed":false,"themepark_post_hide_title":true,"themepark_post_main_b":"","themepark_post_main_p":100,"themepark_paddingblock":true,"footnotes":""},"class_list":["post-557","page","type-page","status-publish","hentry"],"_links":{"self":[{"href":"https:\/\/xuyeeggtraymachine.com\/vi\/wp-json\/wp\/v2\/pages\/557","targetHints":{"allow":["GET"]}}],"collection":[{"href":"https:\/\/xuyeeggtraymachine.com\/vi\/wp-json\/wp\/v2\/pages"}],"about":[{"href":"https:\/\/xuyeeggtraymachine.com\/vi\/wp-json\/wp\/v2\/types\/page"}],"author":[{"embeddable":true,"href":"https:\/\/xuyeeggtraymachine.com\/vi\/wp-json\/wp\/v2\/users\/1"}],"replies":[{"embeddable":true,"href":"https:\/\/xuyeeggtraymachine.com\/vi\/wp-json\/wp\/v2\/comments?post=557"}],"version-history":[{"count":19,"href":"https:\/\/xuyeeggtraymachine.com\/vi\/wp-json\/wp\/v2\/pages\/557\/revisions"}],"predecessor-version":[{"id":1073,"href":"https:\/\/xuyeeggtraymachine.com\/vi\/wp-json\/wp\/v2\/pages\/557\/revisions\/1073"}],"wp:attachment":[{"href":"https:\/\/xuyeeggtraymachine.com\/vi\/wp-json\/wp\/v2\/media?parent=557"}],"curies":[{"name":"wp","href":"https:\/\/api.w.org\/{rel}","templated":true}]}}